{"id":941,"date":"2023-12-17T18:04:48","date_gmt":"2023-12-17T17:04:48","guid":{"rendered":"https:\/\/sman.asso.fr\/www\/?page_id=941"},"modified":"2025-09-06T18:57:15","modified_gmt":"2025-09-06T16:57:15","slug":"devenez-mecene-de-la-sman","status":"publish","type":"page","link":"https:\/\/sman.asso.fr\/www\/index.php\/devenez-mecene-de-la-sman\/","title":{"rendered":"Devenez M\u00e9c\u00e8ne de la SMAN !"},"content":{"rendered":"\t\t<div data-elementor-type=\"wp-page\" data-elementor-id=\"941\" class=\"elementor elementor-941\">\n\t\t\t\t\t\t\t\t\t<section class=\"elementor-section elementor-top-section elementor-element elementor-element-bf8da3 elementor-section-boxed elementor-section-height-default elementor-section-height-default\" data-id=\"bf8da3\" data-element_type=\"section\">\n\t\t\t\t\t\t<div class=\"elementor-container elementor-column-gap-default\">\n\t\t\t\t\t<div class=\"elementor-column elementor-col-100 elementor-top-column elementor-element elementor-element-c0e34\" data-id=\"c0e34\" data-element_type=\"column\">\n\t\t\t<div class=\"elementor-widget-wrap elementor-element-populated\">\n\t\t\t\t\t\t\t\t<div class=\"elementor-element elementor-element-12cbac5a elementor-widget elementor-widget-text-editor\" data-id=\"12cbac5a\" data-element_type=\"widget\" data-widget_type=\"text-editor.default\">\n\t\t\t\t<div class=\"elementor-widget-container\">\n\t\t\t<style>\/*! elementor - v3.7.7 - 20-09-2022 *\/\n.elementor-widget-text-editor.elementor-drop-cap-view-stacked .elementor-drop-cap{background-color:#818a91;color:#fff}.elementor-widget-text-editor.elementor-drop-cap-view-framed .elementor-drop-cap{color:#818a91;border:3px solid;background-color:transparent}.elementor-widget-text-editor:not(.elementor-drop-cap-view-default) .elementor-drop-cap{margin-top:8px}.elementor-widget-text-editor:not(.elementor-drop-cap-view-default) .elementor-drop-cap-letter{width:1em;height:1em}.elementor-widget-text-editor .elementor-drop-cap{float:left;text-align:center;line-height:1;font-size:50px}.elementor-widget-text-editor .elementor-drop-cap-letter{display:inline-block}<\/style>\t\t\t\t<p><!-- wp:paragraph --><\/p>\n<p>Cher m\u00e9lomane, cher.e ami.e,<\/p>\n<p><!-- \/wp:paragraph --><\/p>\n<p><!-- wp:paragraph --><\/p>\n<p>En permettant la d\u00e9couverte de nouveaux horizons, les Arts et la Culture permettent une vision diff\u00e9rente du monde et participent ainsi \u00e0 l\u2019acceptation de la diff\u00e9rence.\u00a0Dans une p\u00e9riode aussi troubl\u00e9e, la Musique est encore plus n\u00e9cessaire car elle contribue, \u00e0 sa \u00ab mesure \u00bb, \u00e0 favoriser l\u2019ouverture d\u2019esprit et la tol\u00e9rance.<\/p>\n<p><!-- \/wp:paragraph --><\/p>\n<p><!-- wp:image {\"id\":263,\"width\":\"841px\",\"height\":\"auto\",\"sizeSlug\":\"large\",\"linkDestination\":\"none\"} --><\/p>\n<figure class=\"wp-block-image size-large is-resized\"><\/figure>\n<p><!-- \/wp:image --><\/p>\n<p><!-- wp:paragraph --><\/p>\n<p>S&#8217;appuyant sur un fort engagement de nombreux b\u00e9n\u00e9voles, la Soci\u00e9t\u00e9 de Musique Ancienne de Nice\u00a0a pour mission de faire conna\u00eetre la Musique ancienne et baroque\u00a0\u00e0 un public le plus large possible\u00a0et permettre la sensibilisation de jeunes publics les plus \u00e9loign\u00e9s de la Culture, notamment au travers de multiples actions p\u00e9dagogiques.<\/p>\n<p><!-- \/wp:paragraph --><\/p>\n<p><!-- wp:paragraph --><\/p>\n<p>Avec la contraction des financements publics qui touche actuellement une grande partie du monde associatif,\u00a0notre association se tourne aujourd\u2019hui vers la g\u00e9n\u00e9rosit\u00e9 publique pour lui permettre de continuer \u00e0 remplir pleinement ses missions.<\/p>\n<p><!-- \/wp:paragraph --><\/p>\n<p><!-- wp:paragraph --><\/p>\n<p>D\u2019avance, nous vous remercions pour votre soutien.<\/p>\n<p><!-- \/wp:paragraph --><\/p>\n<p><!-- wp:paragraph --><\/p>\n<p><strong>Sibylle SCHUETZ-CARRIERE<br \/><\/strong>Pr\u00e9sidente de la Soci\u00e9t\u00e9 de Musique Ancienne de Nice<\/p>\n<p><!-- \/wp:paragraph --><\/p>\t\t\t\t\t\t<\/div>\n\t\t\t\t<\/div>\n\t\t\t\t\t<\/div>\n\t\t<\/div>\n\t\t\t\t\t\t\t<\/div>\n\t\t<\/section>\n\t\t\t\t<section class=\"elementor-section elementor-top-section elementor-element elementor-element-4272c6b elementor-section-boxed elementor-section-height-default elementor-section-height-default\" data-id=\"4272c6b\" data-element_type=\"section\">\n\t\t\t\t\t\t<div class=\"elementor-container elementor-column-gap-default\">\n\t\t\t\t\t<div class=\"elementor-column elementor-col-100 elementor-top-column elementor-element elementor-element-dc1f36e\" data-id=\"dc1f36e\" data-element_type=\"column\">\n\t\t\t<div class=\"elementor-widget-wrap elementor-element-populated\">\n\t\t\t\t\t\t\t\t<div class=\"elementor-element elementor-element-04aff43 elementor-widget elementor-widget-image\" data-id=\"04aff43\" data-element_type=\"widget\" data-widget_type=\"image.default\">\n\t\t\t\t<div class=\"elementor-widget-container\">\n\t\t\t<style>\/*! elementor - v3.7.7 - 20-09-2022 *\/\n.elementor-widget-image{text-align:center}.elementor-widget-image a{display:inline-block}.elementor-widget-image a img[src$=\".svg\"]{width:48px}.elementor-widget-image img{vertical-align:middle;display:inline-block}<\/style>\t\t\t\t\t\t\t\t\t\t\t\t<img loading=\"lazy\" decoding=\"async\" width=\"1024\" height=\"614\" src=\"https:\/\/sman.asso.fr\/www\/wp-content\/uploads\/2025\/09\/DONS.jpg\" class=\"attachment-large size-large\" alt=\"\" srcset=\"https:\/\/sman.asso.fr\/www\/wp-content\/uploads\/2025\/09\/DONS.jpg 1024w, https:\/\/sman.asso.fr\/www\/wp-content\/uploads\/2025\/09\/DONS-300x180.jpg 300w, https:\/\/sman.asso.fr\/www\/wp-content\/uploads\/2025\/09\/DONS-768x461.jpg 768w\" sizes=\"auto, (max-width: 1024px) 100vw, 1024px\" \/>\t\t\t\t\t\t\t\t\t\t\t\t\t\t\t<\/div>\n\t\t\t\t<\/div>\n\t\t\t\t<div class=\"elementor-element elementor-element-c9ab9e6 elementor-widget elementor-widget-text-editor\" data-id=\"c9ab9e6\" data-element_type=\"widget\" data-widget_type=\"text-editor.default\">\n\t\t\t\t<div class=\"elementor-widget-container\">\n\t\t\t\t\t\t\t<p style=\"font-weight: 400;\">Pour cela, faites un don, soit en suivant le lien\u00a0:<br \/><a href=\"https:\/\/asso.us4.list-manage.com\/track\/click?u=537de3948460a8f2577a211af&amp;id=e5e3381647&amp;e=1eaa7c505e\" data-saferedirecturl=\"https:\/\/www.google.com\/url?q=https:\/\/asso.us4.list-manage.com\/track\/click?u%3D537de3948460a8f2577a211af%26id%3De5e3381647%26e%3D1eaa7c505e&amp;source=gmail&amp;ust=1702918394973000&amp;usg=AOvVaw0sXJEHEB4ji2hO48a4GSbd\"><strong>https:\/\/www.helloasso.com\/associations\/sman-societe-de-musique-ancienne-de-nice\/formulaires\/1<\/strong><\/a><\/p>\n<p>ou\u00a0<strong>par ch\u00e8que<\/strong>\u00a0\u00e0 l\u2019ordre de la\u00a0SMAN, \u00e0 envoyer \u00e0 l\u2019adresse\u00a0:<br \/><strong>S.M.A.N.\u00a0<\/strong>C\/O Espace Nice Associations\u00a012ter Place Garibaldi\u00a006300 Nice<\/p>\n<p><strong>D<\/strong><strong>\u00e9duction fiscale\u00a0<\/strong><\/p>\n<p>La\u00a0SMAN\u00a0\u00e9tant reconnue d&#8217;int\u00e9r\u00eat g\u00e9n\u00e9ral, vous recevrez un re\u00e7u de votre don qui vous permettra de d\u00e9duire 66 % de votre don sur vos imp\u00f4ts sur le revenu, dans la limite de 20 % de vos revenus imposables. Ainsi, un don de 100\u20ac ne vous co\u00fbterait que 34\u20ac apr\u00e8s d\u00e9duction d&#8217;imp\u00f4t.\u00a0<\/p>\n<p><span style=\"font-weight: 400;\"><em>\u00a0PS : N\u2019h\u00e9sitez pas \u00e0 relayer ce message.<\/em><\/span><\/p>\t\t\t\t\t\t<\/div>\n\t\t\t\t<\/div>\n\t\t\t\t\t<\/div>\n\t\t<\/div>\n\t\t\t\t\t\t\t<\/div>\n\t\t<\/section>\n\t\t\t\t<section class=\"elementor-section elementor-top-section elementor-element elementor-element-8b87fcf elementor-section-boxed elementor-section-height-default elementor-section-height-default\" data-id=\"8b87fcf\" data-element_type=\"section\">\n\t\t\t\t\t\t<div class=\"elementor-container elementor-column-gap-default\">\n\t\t\t\t\t<div class=\"elementor-column elementor-col-100 elementor-top-column elementor-element elementor-element-a462f3c\" data-id=\"a462f3c\" data-element_type=\"column\">\n\t\t\t<div class=\"elementor-widget-wrap elementor-element-populated\">\n\t\t\t\t\t\t\t\t<div class=\"elementor-element elementor-element-81b3341 elementor-button-warning elementor-align-center elementor-widget elementor-widget-button\" data-id=\"81b3341\" data-element_type=\"widget\" data-widget_type=\"button.default\">\n\t\t\t\t<div class=\"elementor-widget-container\">\n\t\t\t\t\t<div class=\"elementor-button-wrapper\">\n\t\t\t<a href=\"https:\/\/www.helloasso.com\/associations\/sman-societe-de-musique-ancienne-de-nice\/formulaires\/1\" class=\"elementor-button-link elementor-button elementor-size-lg\" role=\"button\">\n\t\t\t\t\t\t<span class=\"elementor-button-content-wrapper\">\n\t\t\t\t\t\t\t<span class=\"elementor-button-icon elementor-align-icon-left\">\n\t\t\t\t<i aria-hidden=\"true\" class=\"far fa-arrow-alt-circle-right\"><\/i>\t\t\t<\/span>\n\t\t\t\t\t\t<span class=\"elementor-button-text\">Faite un don \u00e0 la SMAN<\/span>\n\t\t<\/span>\n\t\t\t\t\t<\/a>\n\t\t<\/div>\n\t\t\t\t<\/div>\n\t\t\t\t<\/div>\n\t\t\t\t\t<\/div>\n\t\t<\/div>\n\t\t\t\t\t\t\t<\/div>\n\t\t<\/section>\n\t\t\t\t\t\t\t<\/div>\n\t\t","protected":false},"excerpt":{"rendered":"<p>Cher m\u00e9lomane, cher.e ami.e, En permettant la d\u00e9couverte de nouveaux horizons, les Arts et la Culture permettent une vision diff\u00e9rente du monde et participent ainsi \u00e0 l\u2019acceptation de la diff\u00e9rence.\u00a0Dans une p\u00e9riode aussi troubl\u00e9e, la Musique est encore plus n\u00e9cessaire car elle contribue, \u00e0 sa \u00ab mesure \u00bb, \u00e0 favoriser l\u2019ouverture d\u2019esprit et la tol\u00e9rance. [&hellip;]<\/p>\n","protected":false},"author":1,"featured_media":0,"parent":0,"menu_order":0,"comment_status":"closed","ping_status":"closed","template":"","meta":{"footnotes":""},"class_list":["post-941","page","type-page","status-publish","hentry","entry"],"_links":{"self":[{"href":"https:\/\/sman.asso.fr\/www\/index.php\/wp-json\/wp\/v2\/pages\/941","targetHints":{"allow":["GET"]}}],"collection":[{"href":"https:\/\/sman.asso.fr\/www\/index.php\/wp-json\/wp\/v2\/pages"}],"about":[{"href":"https:\/\/sman.asso.fr\/www\/index.php\/wp-json\/wp\/v2\/types\/page"}],"author":[{"embeddable":true,"href":"https:\/\/sman.asso.fr\/www\/index.php\/wp-json\/wp\/v2\/users\/1"}],"replies":[{"embeddable":true,"href":"https:\/\/sman.asso.fr\/www\/index.php\/wp-json\/wp\/v2\/comments?post=941"}],"version-history":[{"count":20,"href":"https:\/\/sman.asso.fr\/www\/index.php\/wp-json\/wp\/v2\/pages\/941\/revisions"}],"predecessor-version":[{"id":1283,"href":"https:\/\/sman.asso.fr\/www\/index.php\/wp-json\/wp\/v2\/pages\/941\/revisions\/1283"}],"wp:attachment":[{"href":"https:\/\/sman.asso.fr\/www\/index.php\/wp-json\/wp\/v2\/media?parent=941"}],"curies":[{"name":"wp","href":"https:\/\/api.w.org\/{rel}","templated":true}]}}