{"id":504,"date":"2023-09-11T14:29:48","date_gmt":"2023-09-11T12:29:48","guid":{"rendered":"https:\/\/sman.asso.fr\/www\/?page_id=504"},"modified":"2025-09-13T16:05:36","modified_gmt":"2025-09-13T14:05:36","slug":"la-societe-de-musique-ancienne-de-nice","status":"publish","type":"page","link":"https:\/\/sman.asso.fr\/www\/","title":{"rendered":"La Soci\u00e9t\u00e9 de Musique Ancienne de Nice"},"content":{"rendered":"\t\t<div data-elementor-type=\"wp-page\" data-elementor-id=\"504\" class=\"elementor elementor-504\">\n\t\t\t\t\t\t\t\t\t<section class=\"elementor-section elementor-top-section elementor-element elementor-element-374c81a elementor-section-boxed elementor-section-height-default elementor-section-height-default\" data-id=\"374c81a\" data-element_type=\"section\">\n\t\t\t\t\t\t<div class=\"elementor-container elementor-column-gap-default\">\n\t\t\t\t\t<div class=\"elementor-column elementor-col-100 elementor-top-column elementor-element elementor-element-ac04787\" data-id=\"ac04787\" data-element_type=\"column\">\n\t\t\t<div class=\"elementor-widget-wrap elementor-element-populated\">\n\t\t\t\t\t\t\t\t<div class=\"elementor-element elementor-element-54013c5 elementor-widget elementor-widget-text-editor\" data-id=\"54013c5\" data-element_type=\"widget\" data-widget_type=\"text-editor.default\">\n\t\t\t\t<div class=\"elementor-widget-container\">\n\t\t\t<style>\/*! elementor - v3.7.7 - 20-09-2022 *\/\n.elementor-widget-text-editor.elementor-drop-cap-view-stacked .elementor-drop-cap{background-color:#818a91;color:#fff}.elementor-widget-text-editor.elementor-drop-cap-view-framed .elementor-drop-cap{color:#818a91;border:3px solid;background-color:transparent}.elementor-widget-text-editor:not(.elementor-drop-cap-view-default) .elementor-drop-cap{margin-top:8px}.elementor-widget-text-editor:not(.elementor-drop-cap-view-default) .elementor-drop-cap-letter{width:1em;height:1em}.elementor-widget-text-editor .elementor-drop-cap{float:left;text-align:center;line-height:1;font-size:50px}.elementor-widget-text-editor .elementor-drop-cap-letter{display:inline-block}<\/style>\t\t\t\t<p>Association r\u00e9gie par la loi du 1er juillet 1901, la Soci\u00e9t\u00e9 de Musique Ancienne de Nice a \u00e9t\u00e9 fond\u00e9e en 1965. A cette \u00e9poque, elle fait partie des pr\u00e9curseurs qui se passionnent pour la musique ancienne, longtemps tomb\u00e9e dans l&#8217;oubli.<\/p><p>Elle s&#8217;efforce de mieux faire conna\u00eetre la musique ancienne et l&#8217;emploi des instruments anciens par :<\/p><ul><li>la r\u00e9f\u00e9rence aux \u00e9ditions originales ou manuscrits autographes<\/li><li>la pratique de la notation ancienne distincte du solf\u00e8ge classique<\/li><li>l&#8217;emploi des trait\u00e9s concernant les techniques instrumentales<\/li><li>et surtout, la recherche du &#8220;bon go\u00fbt&#8221;; cette gr\u00e2ce et cette spontan\u00e9it\u00e9 qui pour \u00eatre fid\u00e8le et vivante doit sembler quasi improvis\u00e9e.<\/li><\/ul>\t\t\t\t\t\t<\/div>\n\t\t\t\t<\/div>\n\t\t\t\t\t<\/div>\n\t\t<\/div>\n\t\t\t\t\t\t\t<\/div>\n\t\t<\/section>\n\t\t\t\t<section class=\"elementor-section elementor-top-section elementor-element elementor-element-e16fbf3 elementor-section-boxed elementor-section-height-default elementor-section-height-default\" data-id=\"e16fbf3\" data-element_type=\"section\">\n\t\t\t\t\t\t<div class=\"elementor-container elementor-column-gap-default\">\n\t\t\t\t\t<div class=\"elementor-column elementor-col-100 elementor-top-column elementor-element elementor-element-7413333\" data-id=\"7413333\" data-element_type=\"column\">\n\t\t\t<div class=\"elementor-widget-wrap elementor-element-populated\">\n\t\t\t\t\t\t\t\t<div class=\"elementor-element elementor-element-7bc56be elementor-widget elementor-widget-image\" data-id=\"7bc56be\" data-element_type=\"widget\" data-widget_type=\"image.default\">\n\t\t\t\t<div class=\"elementor-widget-container\">\n\t\t\t<style>\/*! elementor - v3.7.7 - 20-09-2022 *\/\n.elementor-widget-image{text-align:center}.elementor-widget-image a{display:inline-block}.elementor-widget-image a img[src$=\".svg\"]{width:48px}.elementor-widget-image img{vertical-align:middle;display:inline-block}<\/style>\t\t\t\t\t\t\t\t\t\t\t\t<img loading=\"lazy\" decoding=\"async\" width=\"1024\" height=\"614\" src=\"https:\/\/sman.asso.fr\/www\/wp-content\/uploads\/2025\/09\/PAGE1.jpg\" class=\"attachment-large size-large\" alt=\"\" srcset=\"https:\/\/sman.asso.fr\/www\/wp-content\/uploads\/2025\/09\/PAGE1.jpg 1024w, https:\/\/sman.asso.fr\/www\/wp-content\/uploads\/2025\/09\/PAGE1-300x180.jpg 300w, https:\/\/sman.asso.fr\/www\/wp-content\/uploads\/2025\/09\/PAGE1-768x461.jpg 768w\" sizes=\"auto, (max-width: 1024px) 100vw, 1024px\" \/>\t\t\t\t\t\t\t\t\t\t\t\t\t\t\t<\/div>\n\t\t\t\t<\/div>\n\t\t\t\t\t<\/div>\n\t\t<\/div>\n\t\t\t\t\t\t\t<\/div>\n\t\t<\/section>\n\t\t\t\t<section class=\"elementor-section elementor-top-section elementor-element elementor-element-b47c726 elementor-section-boxed elementor-section-height-default elementor-section-height-default\" data-id=\"b47c726\" data-element_type=\"section\">\n\t\t\t\t\t\t<div class=\"elementor-container elementor-column-gap-default\">\n\t\t\t\t\t<div class=\"elementor-column elementor-col-100 elementor-top-column elementor-element elementor-element-1360c9f\" data-id=\"1360c9f\" data-element_type=\"column\">\n\t\t\t<div class=\"elementor-widget-wrap elementor-element-populated\">\n\t\t\t\t\t\t\t\t<div class=\"elementor-element elementor-element-0d30f08 elementor-widget elementor-widget-text-editor\" data-id=\"0d30f08\" data-element_type=\"widget\" data-widget_type=\"text-editor.default\">\n\t\t\t\t<div class=\"elementor-widget-container\">\n\t\t\t\t\t\t\t<p>Depuis sa cr\u00e9ation, la SMAN a men\u00e9 des actions sur le plan r\u00e9gional, qui ont eu \u00e9galement des retomb\u00e9es tant au plan national qu&#8217;international: organisation de colloques qui ont fait l&#8217;objet de parutions &#8220;Cahiers de la Soci\u00e9t\u00e9 de Musique Ancienne&#8221; encore command\u00e9s par des librairies sp\u00e9cialis\u00e9es et des musicologues, organisation de festivals, concerts, masters class, \u2026<\/p><p>La SMAN a donc fait partie des passionn\u00e9s gr\u00e2ce \u00e0 qui le statut de la musique ancienne a radicalement chang\u00e9. La mode est \u00e0 pr\u00e9sent au &#8220;baroque&#8221; (foules d&#8217;interpr\u00e8tes, succ\u00e8s des concerts \u00e9gal \u00e0 celui des &#8220;classiques&#8221;, d\u00e9partements de musique ancienne qui fleurissent partout\u2026).<\/p><p>N&#8217;ayant plus le m\u00eame r\u00f4le \u00e0 jouer la Soci\u00e9t\u00e9 de Musique Ancienne de Nice soutient actuellement le travail \u00e9m\u00e9rite de son ensemble \u00e9ponyme, qui ces derni\u00e8res ann\u00e9es a \u00e0 son actif un CD (1997); un CD sur BACH (2008), de tr\u00e8s nombreux programmes originaux cr\u00e9\u00e9s par les membres de l&#8217;ensemble dans le cadre de sa r\u00e9sidence au Centre Culturel de la Providence (g\u00e9r\u00e9 par La Semeuse) dans le Vieux-Nice et une participation soutenue dans toutes les manifestations en vue de la r\u00e9gion PACA.<\/p>\t\t\t\t\t\t<\/div>\n\t\t\t\t<\/div>\n\t\t\t\t\t<\/div>\n\t\t<\/div>\n\t\t\t\t\t\t\t<\/div>\n\t\t<\/section>\n\t\t\t\t<section class=\"elementor-section elementor-top-section elementor-element elementor-element-2af4fe7 elementor-section-boxed elementor-section-height-default elementor-section-height-default\" data-id=\"2af4fe7\" data-element_type=\"section\">\n\t\t\t\t\t\t<div class=\"elementor-container elementor-column-gap-default\">\n\t\t\t\t\t<div class=\"elementor-column elementor-col-100 elementor-top-column elementor-element elementor-element-bdeff42\" data-id=\"bdeff42\" data-element_type=\"column\">\n\t\t\t<div class=\"elementor-widget-wrap elementor-element-populated\">\n\t\t\t\t\t\t\t\t<div class=\"elementor-element elementor-element-b8c0669 elementor-widget elementor-widget-text-editor\" data-id=\"b8c0669\" data-element_type=\"widget\" data-widget_type=\"text-editor.default\">\n\t\t\t\t<div class=\"elementor-widget-container\">\n\t\t\t\t\t\t\t<h3>Pour nous soutenir, vous pouvez adh\u00e9rer \u00e0 l&#8217;association &#8230;<\/h3>\t\t\t\t\t\t<\/div>\n\t\t\t\t<\/div>\n\t\t\t\t\t<\/div>\n\t\t<\/div>\n\t\t\t\t\t\t\t<\/div>\n\t\t<\/section>\n\t\t\t\t<section class=\"elementor-section elementor-top-section elementor-element elementor-element-ef0d2cc elementor-section-boxed elementor-section-height-default elementor-section-height-default\" data-id=\"ef0d2cc\" data-element_type=\"section\">\n\t\t\t\t\t\t<div class=\"elementor-container elementor-column-gap-default\">\n\t\t\t\t\t<div class=\"elementor-column elementor-col-100 elementor-top-column elementor-element elementor-element-f7cdaa6\" data-id=\"f7cdaa6\" data-element_type=\"column\">\n\t\t\t<div class=\"elementor-widget-wrap elementor-element-populated\">\n\t\t\t\t\t\t\t\t<div class=\"elementor-element elementor-element-77fa6f7 elementor-widget elementor-widget-text-editor\" data-id=\"77fa6f7\" data-element_type=\"widget\" data-widget_type=\"text-editor.default\">\n\t\t\t\t<div class=\"elementor-widget-container\">\n\t\t\t\t\t\t\t<p>L\u2019adh\u00e9sion donne droit \u00e0 une invitation au concert suivant la date de votre adh\u00e9sion.<\/p>\t\t\t\t\t\t<\/div>\n\t\t\t\t<\/div>\n\t\t\t\t\t<\/div>\n\t\t<\/div>\n\t\t\t\t\t\t\t<\/div>\n\t\t<\/section>\n\t\t\t\t<section class=\"elementor-section elementor-top-section elementor-element elementor-element-6f77d06 elementor-section-boxed elementor-section-height-default elementor-section-height-default\" data-id=\"6f77d06\" data-element_type=\"section\">\n\t\t\t\t\t\t<div class=\"elementor-container elementor-column-gap-default\">\n\t\t\t\t\t<div class=\"elementor-column elementor-col-100 elementor-top-column elementor-element elementor-element-d1c3e59\" data-id=\"d1c3e59\" data-element_type=\"column\">\n\t\t\t<div class=\"elementor-widget-wrap elementor-element-populated\">\n\t\t\t\t\t\t\t\t<div class=\"elementor-element elementor-element-a34d542 elementor-align-center elementor-widget elementor-widget-button\" data-id=\"a34d542\" data-element_type=\"widget\" data-widget_type=\"button.default\">\n\t\t\t\t<div class=\"elementor-widget-container\">\n\t\t\t\t\t<div class=\"elementor-button-wrapper\">\n\t\t\t<a href=\"https:\/\/www.helloasso.com\/associations\/sman-societe-de-musique-ancienne-de-nice\/adhesions\/adhesion-2025\" class=\"elementor-button-link elementor-button elementor-size-sm\" role=\"button\">\n\t\t\t\t\t\t<span class=\"elementor-button-content-wrapper\">\n\t\t\t\t\t\t<span class=\"elementor-button-text\">Pour adh\u00e9rer<\/span>\n\t\t<\/span>\n\t\t\t\t\t<\/a>\n\t\t<\/div>\n\t\t\t\t<\/div>\n\t\t\t\t<\/div>\n\t\t\t\t\t<\/div>\n\t\t<\/div>\n\t\t\t\t\t\t\t<\/div>\n\t\t<\/section>\n\t\t\t\t<section class=\"elementor-section elementor-top-section elementor-element elementor-element-7491b92 elementor-section-boxed elementor-section-height-default elementor-section-height-default\" data-id=\"7491b92\" data-element_type=\"section\">\n\t\t\t\t\t\t<div class=\"elementor-container elementor-column-gap-default\">\n\t\t\t\t\t<div class=\"elementor-column elementor-col-100 elementor-top-column elementor-element elementor-element-0ae13b5\" data-id=\"0ae13b5\" data-element_type=\"column\">\n\t\t\t<div class=\"elementor-widget-wrap elementor-element-populated\">\n\t\t\t\t\t\t\t\t<div class=\"elementor-element elementor-element-5e28e8e elementor-widget elementor-widget-text-editor\" data-id=\"5e28e8e\" data-element_type=\"widget\" data-widget_type=\"text-editor.default\">\n\t\t\t\t<div class=\"elementor-widget-container\">\n\t\t\t\t\t\t\t\t\t\t\t\t\t<\/div>\n\t\t\t\t<\/div>\n\t\t\t\t\t<\/div>\n\t\t<\/div>\n\t\t\t\t\t\t\t<\/div>\n\t\t<\/section>\n\t\t\t\t\t\t\t<\/div>\n\t\t","protected":false},"excerpt":{"rendered":"<p>Association r\u00e9gie par la loi du 1er juillet 1901, la Soci\u00e9t\u00e9 de Musique Ancienne de Nice a \u00e9t\u00e9 fond\u00e9e en 1965. A cette \u00e9poque, elle fait partie des pr\u00e9curseurs qui se passionnent pour la musique ancienne, longtemps tomb\u00e9e dans l&#8217;oubli. Elle s&#8217;efforce de mieux faire conna\u00eetre la musique ancienne et l&#8217;emploi des instruments anciens par [&hellip;]<\/p>\n","protected":false},"author":1,"featured_media":0,"parent":0,"menu_order":0,"comment_status":"closed","ping_status":"closed","template":"","meta":{"footnotes":""},"class_list":["post-504","page","type-page","status-publish","hentry","entry"],"_links":{"self":[{"href":"https:\/\/sman.asso.fr\/www\/index.php\/wp-json\/wp\/v2\/pages\/504","targetHints":{"allow":["GET"]}}],"collection":[{"href":"https:\/\/sman.asso.fr\/www\/index.php\/wp-json\/wp\/v2\/pages"}],"about":[{"href":"https:\/\/sman.asso.fr\/www\/index.php\/wp-json\/wp\/v2\/types\/page"}],"author":[{"embeddable":true,"href":"https:\/\/sman.asso.fr\/www\/index.php\/wp-json\/wp\/v2\/users\/1"}],"replies":[{"embeddable":true,"href":"https:\/\/sman.asso.fr\/www\/index.php\/wp-json\/wp\/v2\/comments?post=504"}],"version-history":[{"count":40,"href":"https:\/\/sman.asso.fr\/www\/index.php\/wp-json\/wp\/v2\/pages\/504\/revisions"}],"predecessor-version":[{"id":1380,"href":"https:\/\/sman.asso.fr\/www\/index.php\/wp-json\/wp\/v2\/pages\/504\/revisions\/1380"}],"wp:attachment":[{"href":"https:\/\/sman.asso.fr\/www\/index.php\/wp-json\/wp\/v2\/media?parent=504"}],"curies":[{"name":"wp","href":"https:\/\/api.w.org\/{rel}","templated":true}]}}