{"id":331,"date":"2023-09-10T18:38:18","date_gmt":"2023-09-10T16:38:18","guid":{"rendered":"https:\/\/sman.asso.fr\/www\/?page_id=331"},"modified":"2025-09-11T18:31:45","modified_gmt":"2025-09-11T16:31:45","slug":"belle-voci","status":"publish","type":"page","link":"https:\/\/sman.asso.fr\/www\/index.php\/belle-voci\/","title":{"rendered":"ORGANUM MUNDI"},"content":{"rendered":"\t\t<div data-elementor-type=\"wp-page\" data-elementor-id=\"331\" class=\"elementor elementor-331\">\n\t\t\t\t\t\t\t\t\t<section class=\"elementor-section elementor-top-section elementor-element elementor-element-d682393 elementor-section-boxed elementor-section-height-default elementor-section-height-default\" data-id=\"d682393\" data-element_type=\"section\">\n\t\t\t\t\t\t<div class=\"elementor-container elementor-column-gap-default\">\n\t\t\t\t\t<div class=\"elementor-column elementor-col-100 elementor-top-column elementor-element elementor-element-9a0e806\" data-id=\"9a0e806\" data-element_type=\"column\">\n\t\t\t<div class=\"elementor-widget-wrap elementor-element-populated\">\n\t\t\t\t\t\t\t\t<div class=\"elementor-element elementor-element-2a53388 elementor-widget elementor-widget-heading\" data-id=\"2a53388\" data-element_type=\"widget\" data-widget_type=\"heading.default\">\n\t\t\t\t<div class=\"elementor-widget-container\">\n\t\t\t<style>\/*! elementor - v3.7.7 - 20-09-2022 *\/\n.elementor-heading-title{padding:0;margin:0;line-height:1}.elementor-widget-heading .elementor-heading-title[class*=elementor-size-]>a{color:inherit;font-size:inherit;line-height:inherit}.elementor-widget-heading .elementor-heading-title.elementor-size-small{font-size:15px}.elementor-widget-heading .elementor-heading-title.elementor-size-medium{font-size:19px}.elementor-widget-heading .elementor-heading-title.elementor-size-large{font-size:29px}.elementor-widget-heading .elementor-heading-title.elementor-size-xl{font-size:39px}.elementor-widget-heading .elementor-heading-title.elementor-size-xxl{font-size:59px}<\/style><h2 class=\"elementor-heading-title elementor-size-default\">ou Musiques du monde du XVIIe<\/h2>\t\t<\/div>\n\t\t\t\t<\/div>\n\t\t\t\t\t<\/div>\n\t\t<\/div>\n\t\t\t\t\t\t\t<\/div>\n\t\t<\/section>\n\t\t\t\t<section class=\"elementor-section elementor-top-section elementor-element elementor-element-353fdfe elementor-section-boxed elementor-section-height-default elementor-section-height-default\" data-id=\"353fdfe\" data-element_type=\"section\">\n\t\t\t\t\t\t<div class=\"elementor-container elementor-column-gap-default\">\n\t\t\t\t\t<div class=\"elementor-column elementor-col-100 elementor-top-column elementor-element elementor-element-728408d\" data-id=\"728408d\" data-element_type=\"column\">\n\t\t\t<div class=\"elementor-widget-wrap elementor-element-populated\">\n\t\t\t\t\t\t\t\t<div class=\"elementor-element elementor-element-87f5ff0 elementor-widget elementor-widget-image\" data-id=\"87f5ff0\" data-element_type=\"widget\" data-widget_type=\"image.default\">\n\t\t\t\t<div class=\"elementor-widget-container\">\n\t\t\t<style>\/*! elementor - v3.7.7 - 20-09-2022 *\/\n.elementor-widget-image{text-align:center}.elementor-widget-image a{display:inline-block}.elementor-widget-image a img[src$=\".svg\"]{width:48px}.elementor-widget-image img{vertical-align:middle;display:inline-block}<\/style>\t\t\t\t\t\t\t\t\t\t\t\t<img loading=\"lazy\" decoding=\"async\" width=\"1024\" height=\"614\" src=\"https:\/\/sman.asso.fr\/www\/wp-content\/uploads\/2025\/09\/ORGANUM.jpg\" class=\"attachment-large size-large\" alt=\"\" srcset=\"https:\/\/sman.asso.fr\/www\/wp-content\/uploads\/2025\/09\/ORGANUM.jpg 1024w, https:\/\/sman.asso.fr\/www\/wp-content\/uploads\/2025\/09\/ORGANUM-300x180.jpg 300w, https:\/\/sman.asso.fr\/www\/wp-content\/uploads\/2025\/09\/ORGANUM-768x461.jpg 768w\" sizes=\"auto, (max-width: 1024px) 100vw, 1024px\" \/>\t\t\t\t\t\t\t\t\t\t\t\t\t\t\t<\/div>\n\t\t\t\t<\/div>\n\t\t\t\t\t<\/div>\n\t\t<\/div>\n\t\t\t\t\t\t\t<\/div>\n\t\t<\/section>\n\t\t\t\t<section class=\"elementor-section elementor-top-section elementor-element elementor-element-76bf96f elementor-section-boxed elementor-section-height-default elementor-section-height-default\" data-id=\"76bf96f\" data-element_type=\"section\">\n\t\t\t\t\t\t<div class=\"elementor-container elementor-column-gap-default\">\n\t\t\t\t\t<div class=\"elementor-column elementor-col-100 elementor-top-column elementor-element elementor-element-eae26ac\" data-id=\"eae26ac\" data-element_type=\"column\">\n\t\t\t<div class=\"elementor-widget-wrap elementor-element-populated\">\n\t\t\t\t\t\t\t\t<div class=\"elementor-element elementor-element-77e6ef6 elementor-widget elementor-widget-text-editor\" data-id=\"77e6ef6\" data-element_type=\"widget\" data-widget_type=\"text-editor.default\">\n\t\t\t\t<div class=\"elementor-widget-container\">\n\t\t\t<style>\/*! elementor - v3.7.7 - 20-09-2022 *\/\n.elementor-widget-text-editor.elementor-drop-cap-view-stacked .elementor-drop-cap{background-color:#818a91;color:#fff}.elementor-widget-text-editor.elementor-drop-cap-view-framed .elementor-drop-cap{color:#818a91;border:3px solid;background-color:transparent}.elementor-widget-text-editor:not(.elementor-drop-cap-view-default) .elementor-drop-cap{margin-top:8px}.elementor-widget-text-editor:not(.elementor-drop-cap-view-default) .elementor-drop-cap-letter{width:1em;height:1em}.elementor-widget-text-editor .elementor-drop-cap{float:left;text-align:center;line-height:1;font-size:50px}.elementor-widget-text-editor .elementor-drop-cap-letter{display:inline-block}<\/style>\t\t\t\t<h3>Oeuvres de Vinci, Dalla Gostena, Mudarra, De Tejada, Caioni de Sibiu, Susanne van Soldt<\/h3><p>avec<br \/>Arnaud DE PASQUALE, orgue<br \/>sur l\u2019orgue historique des fr\u00e8res Concone de la Providence<br \/>Camille FRACHET, cornet \u00e0 bouquin et fl\u00fbte<\/p>\t\t\t\t\t\t<\/div>\n\t\t\t\t<\/div>\n\t\t\t\t\t<\/div>\n\t\t<\/div>\n\t\t\t\t\t\t\t<\/div>\n\t\t<\/section>\n\t\t\t\t<section class=\"elementor-section elementor-top-section elementor-element elementor-element-b6b9c0d elementor-section-boxed elementor-section-height-default elementor-section-height-default\" data-id=\"b6b9c0d\" data-element_type=\"section\">\n\t\t\t\t\t\t<div class=\"elementor-container elementor-column-gap-default\">\n\t\t\t\t\t<div class=\"elementor-column elementor-col-100 elementor-top-column elementor-element elementor-element-c7605c0\" data-id=\"c7605c0\" data-element_type=\"column\">\n\t\t\t<div class=\"elementor-widget-wrap elementor-element-populated\">\n\t\t\t\t\t\t\t\t<div class=\"elementor-element elementor-element-b1f465c elementor-widget elementor-widget-text-editor\" data-id=\"b1f465c\" data-element_type=\"widget\" data-widget_type=\"text-editor.default\">\n\t\t\t\t<div class=\"elementor-widget-container\">\n\t\t\t\t\t\t\t<p>Embarquez pour un voyage sonore \u00e0 travers l\u2019Europe et bien au-del\u00e0, \u00e0 la d\u00e9couverte d\u2019orgues historiques nich\u00e9s dans des r\u00e9gions souvent m\u00e9connues. Arnaud De Pasquale et Camille Frachet m\u00e8nent depuis plusieurs ann\u00e9es un passionnant projet d\u2019enregistrements autour de ces instruments uniques, depuis le Mexique jusqu\u2019\u00e0 la Sicile, en passant par la Corse et l\u2019Espagne.<br \/>Ce concert est une invitation \u00e0 parcourir les r\u00e9pertoires riches et vari\u00e9s que leurs voyages ont mis au jour : un floril\u00e8ge de pi\u00e8ces issues du bassin m\u00e9diterran\u00e9en, o\u00f9 r\u00e9sonnent les accents lumineux de Vinci, Dalla Gostena, Mudarra ou De Tejada, mais aussi des pages plus rares venues d\u2019Europe de l\u2019Est, comme le Codex Caioni de Sibiu, conserv\u00e9 en Roumanie.Le Nord de l\u2019Europe ne sera pas en reste, avec notamment le Manuscrit Susanne van Soldt, pr\u00e9cieux t\u00e9moin de la pratique domestique du clavier au tournant du XVIIe si\u00e8cle. Orgue, cornet \u00e0 bouquin et fl\u00fbte dialogueront tour \u00e0 tour, recr\u00e9ant l\u2019atmosph\u00e8re vivante et color\u00e9e des chapelles et salons de l\u2019\u00e9poque.<br \/>Entre musiques sacr\u00e9es et profanes, improvisations et danses, ce programme fait r\u00e9sonner la diversit\u00e9 des styles et des traditions, tout en rendant hommage au g\u00e9nie des facteurs d\u2019orgues qui ont fa\u00e7onn\u00e9 ces tr\u00e9sors patrimoniaux. Un concert comme une fen\u00eatre ouverte sur un monde de sonorit\u00e9s oubli\u00e9es, red\u00e9couvertes avec passion et curiosit\u00e9.<\/p>\t\t\t\t\t\t<\/div>\n\t\t\t\t<\/div>\n\t\t\t\t\t<\/div>\n\t\t<\/div>\n\t\t\t\t\t\t\t<\/div>\n\t\t<\/section>\n\t\t\t\t<section class=\"elementor-section elementor-top-section elementor-element elementor-element-3820289 elementor-section-boxed elementor-section-height-default elementor-section-height-default\" data-id=\"3820289\" data-element_type=\"section\">\n\t\t\t\t\t\t<div class=\"elementor-container elementor-column-gap-default\">\n\t\t\t\t\t<div class=\"elementor-column elementor-col-100 elementor-top-column elementor-element elementor-element-6f118dc\" data-id=\"6f118dc\" data-element_type=\"column\">\n\t\t\t<div class=\"elementor-widget-wrap elementor-element-populated\">\n\t\t\t\t\t\t\t\t<div class=\"elementor-element elementor-element-6b2394e elementor-widget elementor-widget-text-editor\" data-id=\"6b2394e\" data-element_type=\"widget\" data-widget_type=\"text-editor.default\">\n\t\t\t\t<div class=\"elementor-widget-container\">\n\t\t\t\t\t\t\t<h3>Samedi 4 juillet 2026<\/h3>\t\t\t\t\t\t<\/div>\n\t\t\t\t<\/div>\n\t\t\t\t\t<\/div>\n\t\t<\/div>\n\t\t\t\t\t\t\t<\/div>\n\t\t<\/section>\n\t\t\t\t<section class=\"elementor-section elementor-top-section elementor-element elementor-element-c04dd21 elementor-section-boxed elementor-section-height-default elementor-section-height-default\" data-id=\"c04dd21\" data-element_type=\"section\">\n\t\t\t\t\t\t<div class=\"elementor-container elementor-column-gap-default\">\n\t\t\t\t\t<div class=\"elementor-column elementor-col-100 elementor-top-column elementor-element elementor-element-cb31b2a\" data-id=\"cb31b2a\" data-element_type=\"column\">\n\t\t\t<div class=\"elementor-widget-wrap elementor-element-populated\">\n\t\t\t\t\t\t\t\t<div class=\"elementor-element elementor-element-2d1fc10 elementor-widget elementor-widget-text-editor\" data-id=\"2d1fc10\" data-element_type=\"widget\" data-widget_type=\"text-editor.default\">\n\t\t\t\t<div class=\"elementor-widget-container\">\n\t\t\t\t\t\t\t<p>au Centre Culturel la Providence<\/p>\t\t\t\t\t\t<\/div>\n\t\t\t\t<\/div>\n\t\t\t\t\t<\/div>\n\t\t<\/div>\n\t\t\t\t\t\t\t<\/div>\n\t\t<\/section>\n\t\t\t\t<section class=\"elementor-section elementor-top-section elementor-element elementor-element-854a95e elementor-section-boxed elementor-section-height-default elementor-section-height-default\" data-id=\"854a95e\" data-element_type=\"section\">\n\t\t\t\t\t\t<div class=\"elementor-container elementor-column-gap-default\">\n\t\t\t\t\t<div class=\"elementor-column elementor-col-100 elementor-top-column elementor-element elementor-element-e37bcea\" data-id=\"e37bcea\" data-element_type=\"column\">\n\t\t\t<div class=\"elementor-widget-wrap elementor-element-populated\">\n\t\t\t\t\t\t\t\t<div class=\"elementor-element elementor-element-0875faf elementor-align-center elementor-widget elementor-widget-button\" data-id=\"0875faf\" data-element_type=\"widget\" data-widget_type=\"button.default\">\n\t\t\t\t<div class=\"elementor-widget-container\">\n\t\t\t\t\t<div class=\"elementor-button-wrapper\">\n\t\t\t<a href=\"https:\/\/my.weezevent.com\/organum-mundi\" class=\"elementor-button-link elementor-button elementor-size-sm\" role=\"button\">\n\t\t\t\t\t\t<span class=\"elementor-button-content-wrapper\">\n\t\t\t\t\t\t<span class=\"elementor-button-text\">pour r\u00e9server<\/span>\n\t\t<\/span>\n\t\t\t\t\t<\/a>\n\t\t<\/div>\n\t\t\t\t<\/div>\n\t\t\t\t<\/div>\n\t\t\t\t\t<\/div>\n\t\t<\/div>\n\t\t\t\t\t\t\t<\/div>\n\t\t<\/section>\n\t\t\t\t<section class=\"elementor-section elementor-top-section elementor-element elementor-element-e1c4320 elementor-section-boxed elementor-section-height-default elementor-section-height-default\" data-id=\"e1c4320\" data-element_type=\"section\">\n\t\t\t\t\t\t<div class=\"elementor-container elementor-column-gap-default\">\n\t\t\t\t\t<div class=\"elementor-column elementor-col-100 elementor-top-column elementor-element elementor-element-aa04588\" data-id=\"aa04588\" data-element_type=\"column\">\n\t\t\t<div class=\"elementor-widget-wrap elementor-element-populated\">\n\t\t\t\t\t\t\t\t<div class=\"elementor-element elementor-element-105ffe9 elementor-widget elementor-widget-text-editor\" data-id=\"105ffe9\" data-element_type=\"widget\" data-widget_type=\"text-editor.default\">\n\t\t\t\t<div class=\"elementor-widget-container\">\n\t\t\t\t\t\t\t<p>\u00a0\u00a0<\/p>\t\t\t\t\t\t<\/div>\n\t\t\t\t<\/div>\n\t\t\t\t\t<\/div>\n\t\t<\/div>\n\t\t\t\t\t\t\t<\/div>\n\t\t<\/section>\n\t\t\t\t\t\t\t<\/div>\n\t\t","protected":false},"excerpt":{"rendered":"<p>ou Musiques du monde du XVIIe Oeuvres de Vinci, Dalla Gostena, Mudarra, De Tejada, Caioni de Sibiu, Susanne van Soldt avecArnaud DE PASQUALE, orguesur l\u2019orgue historique des fr\u00e8res Concone de la ProvidenceCamille FRACHET, cornet \u00e0 bouquin et fl\u00fbte Embarquez pour un voyage sonore \u00e0 travers l\u2019Europe et bien au-del\u00e0, \u00e0 la d\u00e9couverte d\u2019orgues historiques nich\u00e9s [&hellip;]<\/p>\n","protected":false},"author":1,"featured_media":0,"parent":0,"menu_order":0,"comment_status":"closed","ping_status":"closed","template":"","meta":{"footnotes":""},"class_list":["post-331","page","type-page","status-publish","hentry","entry"],"_links":{"self":[{"href":"https:\/\/sman.asso.fr\/www\/index.php\/wp-json\/wp\/v2\/pages\/331","targetHints":{"allow":["GET"]}}],"collection":[{"href":"https:\/\/sman.asso.fr\/www\/index.php\/wp-json\/wp\/v2\/pages"}],"about":[{"href":"https:\/\/sman.asso.fr\/www\/index.php\/wp-json\/wp\/v2\/types\/page"}],"author":[{"embeddable":true,"href":"https:\/\/sman.asso.fr\/www\/index.php\/wp-json\/wp\/v2\/users\/1"}],"replies":[{"embeddable":true,"href":"https:\/\/sman.asso.fr\/www\/index.php\/wp-json\/wp\/v2\/comments?post=331"}],"version-history":[{"count":63,"href":"https:\/\/sman.asso.fr\/www\/index.php\/wp-json\/wp\/v2\/pages\/331\/revisions"}],"predecessor-version":[{"id":1341,"href":"https:\/\/sman.asso.fr\/www\/index.php\/wp-json\/wp\/v2\/pages\/331\/revisions\/1341"}],"wp:attachment":[{"href":"https:\/\/sman.asso.fr\/www\/index.php\/wp-json\/wp\/v2\/media?parent=331"}],"curies":[{"name":"wp","href":"https:\/\/api.w.org\/{rel}","templated":true}]}}