{"id":313,"date":"2023-09-10T18:24:35","date_gmt":"2023-09-10T16:24:35","guid":{"rendered":"https:\/\/sman.asso.fr\/www\/?page_id=313"},"modified":"2025-09-11T18:25:37","modified_gmt":"2025-09-11T16:25:37","slug":"passions-de-lolympe","status":"publish","type":"page","link":"https:\/\/sman.asso.fr\/www\/index.php\/passions-de-lolympe\/","title":{"rendered":"LES DAMES de FERRARE"},"content":{"rendered":"\t\t<div data-elementor-type=\"wp-page\" data-elementor-id=\"313\" class=\"elementor elementor-313\">\n\t\t\t\t\t\t\t\t\t<section class=\"elementor-section elementor-top-section elementor-element elementor-element-c6f1222 elementor-section-boxed elementor-section-height-default elementor-section-height-default\" data-id=\"c6f1222\" data-element_type=\"section\">\n\t\t\t\t\t\t<div class=\"elementor-container elementor-column-gap-default\">\n\t\t\t\t\t<div class=\"elementor-column elementor-col-100 elementor-top-column elementor-element elementor-element-9042d39\" data-id=\"9042d39\" data-element_type=\"column\">\n\t\t\t<div class=\"elementor-widget-wrap elementor-element-populated\">\n\t\t\t\t\t\t\t\t<div class=\"elementor-element elementor-element-a862e98 elementor-widget elementor-widget-heading\" data-id=\"a862e98\" data-element_type=\"widget\" data-widget_type=\"heading.default\">\n\t\t\t\t<div class=\"elementor-widget-container\">\n\t\t\t<style>\/*! elementor - v3.7.7 - 20-09-2022 *\/\n.elementor-heading-title{padding:0;margin:0;line-height:1}.elementor-widget-heading .elementor-heading-title[class*=elementor-size-]>a{color:inherit;font-size:inherit;line-height:inherit}.elementor-widget-heading .elementor-heading-title.elementor-size-small{font-size:15px}.elementor-widget-heading .elementor-heading-title.elementor-size-medium{font-size:19px}.elementor-widget-heading .elementor-heading-title.elementor-size-large{font-size:29px}.elementor-widget-heading .elementor-heading-title.elementor-size-xl{font-size:39px}.elementor-widget-heading .elementor-heading-title.elementor-size-xxl{font-size:59px}<\/style><h2 class=\"elementor-heading-title elementor-size-default\">ou Vox Femina<\/h2>\t\t<\/div>\n\t\t\t\t<\/div>\n\t\t\t\t\t<\/div>\n\t\t<\/div>\n\t\t\t\t\t\t\t<\/div>\n\t\t<\/section>\n\t\t\t\t<section class=\"elementor-section elementor-top-section elementor-element elementor-element-56a8b3e elementor-section-boxed elementor-section-height-default elementor-section-height-default\" data-id=\"56a8b3e\" data-element_type=\"section\">\n\t\t\t\t\t\t<div class=\"elementor-container elementor-column-gap-default\">\n\t\t\t\t\t<div class=\"elementor-column elementor-col-100 elementor-top-column elementor-element elementor-element-3fc2438\" data-id=\"3fc2438\" data-element_type=\"column\">\n\t\t\t<div class=\"elementor-widget-wrap elementor-element-populated\">\n\t\t\t\t\t\t\t\t<div class=\"elementor-element elementor-element-50dd444 elementor-widget elementor-widget-image\" data-id=\"50dd444\" data-element_type=\"widget\" data-widget_type=\"image.default\">\n\t\t\t\t<div class=\"elementor-widget-container\">\n\t\t\t<style>\/*! elementor - v3.7.7 - 20-09-2022 *\/\n.elementor-widget-image{text-align:center}.elementor-widget-image a{display:inline-block}.elementor-widget-image a img[src$=\".svg\"]{width:48px}.elementor-widget-image img{vertical-align:middle;display:inline-block}<\/style>\t\t\t\t\t\t\t\t\t\t\t\t<img loading=\"lazy\" decoding=\"async\" width=\"1024\" height=\"614\" src=\"https:\/\/sman.asso.fr\/www\/wp-content\/uploads\/2025\/09\/DAMES-FERRARE.jpg\" class=\"attachment-large size-large\" alt=\"\" srcset=\"https:\/\/sman.asso.fr\/www\/wp-content\/uploads\/2025\/09\/DAMES-FERRARE.jpg 1024w, https:\/\/sman.asso.fr\/www\/wp-content\/uploads\/2025\/09\/DAMES-FERRARE-300x180.jpg 300w, https:\/\/sman.asso.fr\/www\/wp-content\/uploads\/2025\/09\/DAMES-FERRARE-768x461.jpg 768w\" sizes=\"auto, (max-width: 1024px) 100vw, 1024px\" \/>\t\t\t\t\t\t\t\t\t\t\t\t\t\t\t<\/div>\n\t\t\t\t<\/div>\n\t\t\t\t\t<\/div>\n\t\t<\/div>\n\t\t\t\t\t\t\t<\/div>\n\t\t<\/section>\n\t\t\t\t<section class=\"elementor-section elementor-top-section elementor-element elementor-element-6aab3b6 elementor-section-boxed elementor-section-height-default elementor-section-height-default\" data-id=\"6aab3b6\" data-element_type=\"section\">\n\t\t\t\t\t\t<div class=\"elementor-container elementor-column-gap-default\">\n\t\t\t\t\t<div class=\"elementor-column elementor-col-100 elementor-top-column elementor-element elementor-element-432201b\" data-id=\"432201b\" data-element_type=\"column\">\n\t\t\t<div class=\"elementor-widget-wrap elementor-element-populated\">\n\t\t\t\t\t\t\t\t<div class=\"elementor-element elementor-element-c106985 elementor-widget elementor-widget-text-editor\" data-id=\"c106985\" data-element_type=\"widget\" data-widget_type=\"text-editor.default\">\n\t\t\t\t<div class=\"elementor-widget-container\">\n\t\t\t<style>\/*! elementor - v3.7.7 - 20-09-2022 *\/\n.elementor-widget-text-editor.elementor-drop-cap-view-stacked .elementor-drop-cap{background-color:#818a91;color:#fff}.elementor-widget-text-editor.elementor-drop-cap-view-framed .elementor-drop-cap{color:#818a91;border:3px solid;background-color:transparent}.elementor-widget-text-editor:not(.elementor-drop-cap-view-default) .elementor-drop-cap{margin-top:8px}.elementor-widget-text-editor:not(.elementor-drop-cap-view-default) .elementor-drop-cap-letter{width:1em;height:1em}.elementor-widget-text-editor .elementor-drop-cap{float:left;text-align:center;line-height:1;font-size:50px}.elementor-widget-text-editor .elementor-drop-cap-letter{display:inline-block}<\/style>\t\t\t\t<h3>OEuvres de Luzzaschi, Charpentier, Monteverdi, Couperin<\/h3><p>avec<br \/>Stephanie VARNERIN, soprano<br \/>et ensemble de voix f\u00e9minines en collaboration avec le C.R.R.<br \/>Mathilde MUGOT, orgue et clavecin<br \/>Sibylle SCHUETZ-CARRIERE, viole de gambe<\/p>\t\t\t\t\t\t<\/div>\n\t\t\t\t<\/div>\n\t\t\t\t\t<\/div>\n\t\t<\/div>\n\t\t\t\t\t\t\t<\/div>\n\t\t<\/section>\n\t\t\t\t<section class=\"elementor-section elementor-top-section elementor-element elementor-element-0fdeec1 elementor-section-boxed elementor-section-height-default elementor-section-height-default\" data-id=\"0fdeec1\" data-element_type=\"section\">\n\t\t\t\t\t\t<div class=\"elementor-container elementor-column-gap-default\">\n\t\t\t\t\t<div class=\"elementor-column elementor-col-100 elementor-top-column elementor-element elementor-element-2a25b9c\" data-id=\"2a25b9c\" data-element_type=\"column\">\n\t\t\t<div class=\"elementor-widget-wrap elementor-element-populated\">\n\t\t\t\t\t\t\t\t<div class=\"elementor-element elementor-element-aee5372 elementor-widget elementor-widget-text-editor\" data-id=\"aee5372\" data-element_type=\"widget\" data-widget_type=\"text-editor.default\">\n\t\t\t\t<div class=\"elementor-widget-container\">\n\t\t\t\t\t\t\t<p>Dans une soci\u00e9t\u00e9 patriarcale influenc\u00e9e par la culture religieuse (\u00c8ve tentatrice), la femme dans la musique, a longtemps \u00e9t\u00e9 rel\u00e9gu\u00e9e au second plan. Cependant, au 17\u00e8me si\u00e8cle, l\u2019\u00e9ducation des jeunes filles de bonne famille devient l\u2019usage. L\u2019instruction, le raffinement et la capacit\u00e9 \u00e0 divertir sont d\u2019actualit\u00e9. L\u2019apprentissage de la musique se fait alors incontournable. De nouveaux talents vont ainsi \u00e9clore au cours des si\u00e8cles baroques.<br \/>Ce concert est consacr\u00e9 \u00e0 l\u2019expression des voix de femmes de la Musique renaissance au baroque. De Luzzaschi qui compose ses madrigaux \u00e0 3 voix (pour les \u00ab dames de Ferrare \u00bb, 3 chanteuses dont l\u2019extr\u00eame suavit\u00e9 n\u2019avait pas d\u2019\u00e9gal) \u00e0 Charpentier et ses compositions pour les offices \u00e0 1, 2, 3 voix, ce concert nous plongera dans l\u2019univers des voix f\u00e9minines du solo aux ensembles avec la soprano St\u00e9phanie Varnerin en collaboration avec la classe de chant et musique de chambre vocale du CRR de Nice.<\/p>\t\t\t\t\t\t<\/div>\n\t\t\t\t<\/div>\n\t\t\t\t\t<\/div>\n\t\t<\/div>\n\t\t\t\t\t\t\t<\/div>\n\t\t<\/section>\n\t\t\t\t<section class=\"elementor-section elementor-top-section elementor-element elementor-element-ff0b073 elementor-section-boxed elementor-section-height-default elementor-section-height-default\" data-id=\"ff0b073\" data-element_type=\"section\">\n\t\t\t\t\t\t<div class=\"elementor-container elementor-column-gap-default\">\n\t\t\t\t\t<div class=\"elementor-column elementor-col-100 elementor-top-column elementor-element elementor-element-d34e0d0\" data-id=\"d34e0d0\" data-element_type=\"column\">\n\t\t\t<div class=\"elementor-widget-wrap elementor-element-populated\">\n\t\t\t\t\t\t\t\t<div class=\"elementor-element elementor-element-b1673e5 elementor-widget elementor-widget-text-editor\" data-id=\"b1673e5\" data-element_type=\"widget\" data-widget_type=\"text-editor.default\">\n\t\t\t\t<div class=\"elementor-widget-container\">\n\t\t\t\t\t\t\t<h3>Samedi 7 mars 2026 \u00e0 20h30<\/h3>\t\t\t\t\t\t<\/div>\n\t\t\t\t<\/div>\n\t\t\t\t<div class=\"elementor-element elementor-element-ad92332 elementor-widget elementor-widget-text-editor\" data-id=\"ad92332\" data-element_type=\"widget\" data-widget_type=\"text-editor.default\">\n\t\t\t\t<div class=\"elementor-widget-container\">\n\t\t\t\t\t\t\t<p>\u00a0 \u00a0\u00a0<\/p>\t\t\t\t\t\t<\/div>\n\t\t\t\t<\/div>\n\t\t\t\t\t<\/div>\n\t\t<\/div>\n\t\t\t\t\t\t\t<\/div>\n\t\t<\/section>\n\t\t\t\t<section class=\"elementor-section elementor-top-section elementor-element elementor-element-c919e86 elementor-section-boxed elementor-section-height-default elementor-section-height-default\" data-id=\"c919e86\" data-element_type=\"section\">\n\t\t\t\t\t\t<div class=\"elementor-container elementor-column-gap-default\">\n\t\t\t\t\t<div class=\"elementor-column elementor-col-100 elementor-top-column elementor-element elementor-element-c9efe82\" data-id=\"c9efe82\" data-element_type=\"column\">\n\t\t\t<div class=\"elementor-widget-wrap elementor-element-populated\">\n\t\t\t\t\t\t\t\t<div class=\"elementor-element elementor-element-efc9c48 elementor-widget elementor-widget-text-editor\" data-id=\"efc9c48\" data-element_type=\"widget\" data-widget_type=\"text-editor.default\">\n\t\t\t\t<div class=\"elementor-widget-container\">\n\t\t\t\t\t\t\t<p>au Centre Culturel la Providence<\/p>\t\t\t\t\t\t<\/div>\n\t\t\t\t<\/div>\n\t\t\t\t\t<\/div>\n\t\t<\/div>\n\t\t\t\t\t\t\t<\/div>\n\t\t<\/section>\n\t\t\t\t<section class=\"elementor-section elementor-top-section elementor-element elementor-element-ce9f6e8 elementor-section-boxed elementor-section-height-default elementor-section-height-default\" data-id=\"ce9f6e8\" data-element_type=\"section\">\n\t\t\t\t\t\t<div class=\"elementor-container elementor-column-gap-default\">\n\t\t\t\t\t<div class=\"elementor-column elementor-col-100 elementor-top-column elementor-element elementor-element-17ab32a\" data-id=\"17ab32a\" data-element_type=\"column\">\n\t\t\t<div class=\"elementor-widget-wrap elementor-element-populated\">\n\t\t\t\t\t\t\t\t<div class=\"elementor-element elementor-element-385f075 elementor-align-center elementor-widget elementor-widget-button\" data-id=\"385f075\" data-element_type=\"widget\" data-widget_type=\"button.default\">\n\t\t\t\t<div class=\"elementor-widget-container\">\n\t\t\t\t\t<div class=\"elementor-button-wrapper\">\n\t\t\t<a href=\"https:\/\/my.weezevent.com\/les-dames-de-ferrare\" class=\"elementor-button-link elementor-button elementor-size-sm\" role=\"button\">\n\t\t\t\t\t\t<span class=\"elementor-button-content-wrapper\">\n\t\t\t\t\t\t<span class=\"elementor-button-text\">pour r\u00e9server<\/span>\n\t\t<\/span>\n\t\t\t\t\t<\/a>\n\t\t<\/div>\n\t\t\t\t<\/div>\n\t\t\t\t<\/div>\n\t\t\t\t\t<\/div>\n\t\t<\/div>\n\t\t\t\t\t\t\t<\/div>\n\t\t<\/section>\n\t\t\t\t<section class=\"elementor-section elementor-top-section elementor-element elementor-element-f730b28 elementor-section-boxed elementor-section-height-default elementor-section-height-default\" data-id=\"f730b28\" data-element_type=\"section\">\n\t\t\t\t\t\t<div class=\"elementor-container elementor-column-gap-default\">\n\t\t\t\t\t<div class=\"elementor-column elementor-col-100 elementor-top-column elementor-element elementor-element-4f467c3\" data-id=\"4f467c3\" data-element_type=\"column\">\n\t\t\t<div class=\"elementor-widget-wrap elementor-element-populated\">\n\t\t\t\t\t\t\t\t<div class=\"elementor-element elementor-element-c026a90 elementor-widget elementor-widget-text-editor\" data-id=\"c026a90\" data-element_type=\"widget\" data-widget_type=\"text-editor.default\">\n\t\t\t\t<div class=\"elementor-widget-container\">\n\t\t\t\t\t\t\t<p>\u00a0\u00a0<\/p>\t\t\t\t\t\t<\/div>\n\t\t\t\t<\/div>\n\t\t\t\t\t<\/div>\n\t\t<\/div>\n\t\t\t\t\t\t\t<\/div>\n\t\t<\/section>\n\t\t\t\t\t\t\t<\/div>\n\t\t","protected":false},"excerpt":{"rendered":"<p>ou Vox Femina OEuvres de Luzzaschi, Charpentier, Monteverdi, Couperin avecStephanie VARNERIN, sopranoet ensemble de voix f\u00e9minines en collaboration avec le C.R.R.Mathilde MUGOT, orgue et clavecinSibylle SCHUETZ-CARRIERE, viole de gambe Dans une soci\u00e9t\u00e9 patriarcale influenc\u00e9e par la culture religieuse (\u00c8ve tentatrice), la femme dans la musique, a longtemps \u00e9t\u00e9 rel\u00e9gu\u00e9e au second plan. Cependant, au 17\u00e8me [&hellip;]<\/p>\n","protected":false},"author":1,"featured_media":0,"parent":0,"menu_order":0,"comment_status":"closed","ping_status":"closed","template":"","meta":{"footnotes":""},"class_list":["post-313","page","type-page","status-publish","hentry","entry"],"_links":{"self":[{"href":"https:\/\/sman.asso.fr\/www\/index.php\/wp-json\/wp\/v2\/pages\/313","targetHints":{"allow":["GET"]}}],"collection":[{"href":"https:\/\/sman.asso.fr\/www\/index.php\/wp-json\/wp\/v2\/pages"}],"about":[{"href":"https:\/\/sman.asso.fr\/www\/index.php\/wp-json\/wp\/v2\/types\/page"}],"author":[{"embeddable":true,"href":"https:\/\/sman.asso.fr\/www\/index.php\/wp-json\/wp\/v2\/users\/1"}],"replies":[{"embeddable":true,"href":"https:\/\/sman.asso.fr\/www\/index.php\/wp-json\/wp\/v2\/comments?post=313"}],"version-history":[{"count":72,"href":"https:\/\/sman.asso.fr\/www\/index.php\/wp-json\/wp\/v2\/pages\/313\/revisions"}],"predecessor-version":[{"id":1320,"href":"https:\/\/sman.asso.fr\/www\/index.php\/wp-json\/wp\/v2\/pages\/313\/revisions\/1320"}],"wp:attachment":[{"href":"https:\/\/sman.asso.fr\/www\/index.php\/wp-json\/wp\/v2\/media?parent=313"}],"curies":[{"name":"wp","href":"https:\/\/api.w.org\/{rel}","templated":true}]}}