{"id":305,"date":"2023-09-10T18:13:04","date_gmt":"2023-09-10T16:13:04","guid":{"rendered":"https:\/\/sman.asso.fr\/www\/?page_id=305"},"modified":"2025-09-11T18:24:16","modified_gmt":"2025-09-11T16:24:16","slug":"vent-debout","status":"publish","type":"page","link":"https:\/\/sman.asso.fr\/www\/index.php\/vent-debout\/","title":{"rendered":"COLLEGIUM MUSICUM"},"content":{"rendered":"\t\t<div data-elementor-type=\"wp-page\" data-elementor-id=\"305\" class=\"elementor elementor-305\">\n\t\t\t\t\t\t\t\t\t<section class=\"elementor-section elementor-top-section elementor-element elementor-element-d0fbc71 elementor-section-boxed elementor-section-height-default elementor-section-height-default\" data-id=\"d0fbc71\" data-element_type=\"section\">\n\t\t\t\t\t\t<div class=\"elementor-container elementor-column-gap-no\">\n\t\t\t\t\t<div class=\"elementor-column elementor-col-100 elementor-top-column elementor-element elementor-element-54723be\" data-id=\"54723be\" data-element_type=\"column\">\n\t\t\t<div class=\"elementor-widget-wrap elementor-element-populated\">\n\t\t\t\t\t\t\t\t<div class=\"elementor-element elementor-element-4d9eefe elementor-widget elementor-widget-heading\" data-id=\"4d9eefe\" data-element_type=\"widget\" data-widget_type=\"heading.default\">\n\t\t\t\t<div class=\"elementor-widget-container\">\n\t\t\t<style>\/*! elementor - v3.7.7 - 20-09-2022 *\/\n.elementor-heading-title{padding:0;margin:0;line-height:1}.elementor-widget-heading .elementor-heading-title[class*=elementor-size-]>a{color:inherit;font-size:inherit;line-height:inherit}.elementor-widget-heading .elementor-heading-title.elementor-size-small{font-size:15px}.elementor-widget-heading .elementor-heading-title.elementor-size-medium{font-size:19px}.elementor-widget-heading .elementor-heading-title.elementor-size-large{font-size:29px}.elementor-widget-heading .elementor-heading-title.elementor-size-xl{font-size:39px}.elementor-widget-heading .elementor-heading-title.elementor-size-xxl{font-size:59px}<\/style><h2 class=\"elementor-heading-title elementor-size-default\">ou Bach und Freunde<\/h2>\t\t<\/div>\n\t\t\t\t<\/div>\n\t\t\t\t\t<\/div>\n\t\t<\/div>\n\t\t\t\t\t\t\t<\/div>\n\t\t<\/section>\n\t\t\t\t<section class=\"elementor-section elementor-top-section elementor-element elementor-element-090c1f3 elementor-section-boxed elementor-section-height-default elementor-section-height-default\" data-id=\"090c1f3\" data-element_type=\"section\">\n\t\t\t\t\t\t<div class=\"elementor-container elementor-column-gap-default\">\n\t\t\t\t\t<div class=\"elementor-column elementor-col-100 elementor-top-column elementor-element elementor-element-75dbf18\" data-id=\"75dbf18\" data-element_type=\"column\">\n\t\t\t<div class=\"elementor-widget-wrap elementor-element-populated\">\n\t\t\t\t\t\t\t\t<div class=\"elementor-element elementor-element-a5fd135 elementor-widget elementor-widget-image\" data-id=\"a5fd135\" data-element_type=\"widget\" data-widget_type=\"image.default\">\n\t\t\t\t<div class=\"elementor-widget-container\">\n\t\t\t<style>\/*! elementor - v3.7.7 - 20-09-2022 *\/\n.elementor-widget-image{text-align:center}.elementor-widget-image a{display:inline-block}.elementor-widget-image a img[src$=\".svg\"]{width:48px}.elementor-widget-image img{vertical-align:middle;display:inline-block}<\/style>\t\t\t\t\t\t\t\t\t\t\t\t<img loading=\"lazy\" decoding=\"async\" width=\"1024\" height=\"614\" src=\"https:\/\/sman.asso.fr\/www\/wp-content\/uploads\/2025\/09\/COLLEGIUM-MUSICUM.jpg\" class=\"attachment-large size-large\" alt=\"\" srcset=\"https:\/\/sman.asso.fr\/www\/wp-content\/uploads\/2025\/09\/COLLEGIUM-MUSICUM.jpg 1024w, https:\/\/sman.asso.fr\/www\/wp-content\/uploads\/2025\/09\/COLLEGIUM-MUSICUM-300x180.jpg 300w, https:\/\/sman.asso.fr\/www\/wp-content\/uploads\/2025\/09\/COLLEGIUM-MUSICUM-768x461.jpg 768w\" sizes=\"auto, (max-width: 1024px) 100vw, 1024px\" \/>\t\t\t\t\t\t\t\t\t\t\t\t\t\t\t<\/div>\n\t\t\t\t<\/div>\n\t\t\t\t\t<\/div>\n\t\t<\/div>\n\t\t\t\t\t\t\t<\/div>\n\t\t<\/section>\n\t\t\t\t<section class=\"elementor-section elementor-top-section elementor-element elementor-element-d116efb elementor-section-boxed elementor-section-height-default elementor-section-height-default\" data-id=\"d116efb\" data-element_type=\"section\">\n\t\t\t\t\t\t<div class=\"elementor-container elementor-column-gap-default\">\n\t\t\t\t\t<div class=\"elementor-column elementor-col-100 elementor-top-column elementor-element elementor-element-af365dd\" data-id=\"af365dd\" data-element_type=\"column\">\n\t\t\t<div class=\"elementor-widget-wrap elementor-element-populated\">\n\t\t\t\t\t\t\t\t<div class=\"elementor-element elementor-element-32de84f elementor-widget elementor-widget-text-editor\" data-id=\"32de84f\" data-element_type=\"widget\" data-widget_type=\"text-editor.default\">\n\t\t\t\t<div class=\"elementor-widget-container\">\n\t\t\t<style>\/*! elementor - v3.7.7 - 20-09-2022 *\/\n.elementor-widget-text-editor.elementor-drop-cap-view-stacked .elementor-drop-cap{background-color:#818a91;color:#fff}.elementor-widget-text-editor.elementor-drop-cap-view-framed .elementor-drop-cap{color:#818a91;border:3px solid;background-color:transparent}.elementor-widget-text-editor:not(.elementor-drop-cap-view-default) .elementor-drop-cap{margin-top:8px}.elementor-widget-text-editor:not(.elementor-drop-cap-view-default) .elementor-drop-cap-letter{width:1em;height:1em}.elementor-widget-text-editor .elementor-drop-cap{float:left;text-align:center;line-height:1;font-size:50px}.elementor-widget-text-editor .elementor-drop-cap-letter{display:inline-block}<\/style>\t\t\t\t<h3>OEuvres de Bach, Telemann, Hasse<\/h3>\t\t\t\t\t\t<\/div>\n\t\t\t\t<\/div>\n\t\t\t\t\t<\/div>\n\t\t<\/div>\n\t\t\t\t\t\t\t<\/div>\n\t\t<\/section>\n\t\t\t\t<section class=\"elementor-section elementor-top-section elementor-element elementor-element-44b0991 elementor-section-boxed elementor-section-height-default elementor-section-height-default\" data-id=\"44b0991\" data-element_type=\"section\">\n\t\t\t\t\t\t<div class=\"elementor-container elementor-column-gap-default\">\n\t\t\t\t\t<div class=\"elementor-column elementor-col-100 elementor-top-column elementor-element elementor-element-aba38d4\" data-id=\"aba38d4\" data-element_type=\"column\">\n\t\t\t<div class=\"elementor-widget-wrap elementor-element-populated\">\n\t\t\t\t\t\t\t\t<div class=\"elementor-element elementor-element-b9592a1 elementor-widget elementor-widget-text-editor\" data-id=\"b9592a1\" data-element_type=\"widget\" data-widget_type=\"text-editor.default\">\n\t\t\t\t<div class=\"elementor-widget-container\">\n\t\t\t\t\t\t\t<p>Avec l\u2019Ensemble \u00abla Muse de Monaco\u00bb<br \/>Michel QUAGLIOZZI, fl\u00fbte \u00e0 bec<br \/>Michel MUGOT, basson<br \/>Camille MUGOT, clavecin<\/p>\t\t\t\t\t\t<\/div>\n\t\t\t\t<\/div>\n\t\t\t\t\t<\/div>\n\t\t<\/div>\n\t\t\t\t\t\t\t<\/div>\n\t\t<\/section>\n\t\t\t\t<section class=\"elementor-section elementor-top-section elementor-element elementor-element-0b89621 elementor-section-boxed elementor-section-height-default elementor-section-height-default\" data-id=\"0b89621\" data-element_type=\"section\">\n\t\t\t\t\t\t<div class=\"elementor-container elementor-column-gap-default\">\n\t\t\t\t\t<div class=\"elementor-column elementor-col-100 elementor-top-column elementor-element elementor-element-cc896cf\" data-id=\"cc896cf\" data-element_type=\"column\">\n\t\t\t<div class=\"elementor-widget-wrap elementor-element-populated\">\n\t\t\t\t\t\t\t\t<div class=\"elementor-element elementor-element-94eadea elementor-widget elementor-widget-text-editor\" data-id=\"94eadea\" data-element_type=\"widget\" data-widget_type=\"text-editor.default\">\n\t\t\t\t<div class=\"elementor-widget-container\">\n\t\t\t\t\t\t\t<p>En ce rigoureux mois de janvier 1731, trois amis musiciens de passage \u00e0 Leipzig rendent visite au c\u00e9l\u00e8bre Caf\u00e9 Zimmermann, rue Sainte-Catherine, o\u00f9 se tiennent r\u00e9guli\u00e8rement les concerts du Collegium Musicum autrefois fond\u00e9 par Telemann et depuis peu repris par un certain Johann Sebastian Bach, tout nouveau cantor de l\u2019\u00e9glise voisine Saint-Thomas, dont tout le monde parle et qui r\u00e9alise, dit-on, de v\u00e9ritables prodiges.<br \/>Nos trois musiciens y sont accueillis avec bienveillance par Herr Gottfried, le propri\u00e9taire des lieux, qui leur annonce toutefois qu\u2019aucun concert n\u2019est pr\u00e9vu ce jour-l\u00e0 mais que si l\u2019envie leur en prend, les partitions entrepos\u00e9es dans la salle de musique leur permettront \u00e0 coup s\u00fbr de passer le plus agr\u00e9ablement du monde une soir\u00e9e musicale entre amis&#8230;<\/p>\t\t\t\t\t\t<\/div>\n\t\t\t\t<\/div>\n\t\t\t\t\t<\/div>\n\t\t<\/div>\n\t\t\t\t\t\t\t<\/div>\n\t\t<\/section>\n\t\t\t\t<section class=\"elementor-section elementor-top-section elementor-element elementor-element-7f16b9d elementor-section-boxed elementor-section-height-default elementor-section-height-default\" data-id=\"7f16b9d\" data-element_type=\"section\">\n\t\t\t\t\t\t<div class=\"elementor-container elementor-column-gap-default\">\n\t\t\t\t\t<div class=\"elementor-column elementor-col-100 elementor-top-column elementor-element elementor-element-8f98aec\" data-id=\"8f98aec\" data-element_type=\"column\">\n\t\t\t<div class=\"elementor-widget-wrap elementor-element-populated\">\n\t\t\t\t\t\t\t\t<div class=\"elementor-element elementor-element-efea538 elementor-widget elementor-widget-text-editor\" data-id=\"efea538\" data-element_type=\"widget\" data-widget_type=\"text-editor.default\">\n\t\t\t\t<div class=\"elementor-widget-container\">\n\t\t\t\t\t\t\t<h3>Samedi 24 janvier 2026 \u00e0 20h30<\/h3>\t\t\t\t\t\t<\/div>\n\t\t\t\t<\/div>\n\t\t\t\t\t<\/div>\n\t\t<\/div>\n\t\t\t\t\t\t\t<\/div>\n\t\t<\/section>\n\t\t\t\t<section class=\"elementor-section elementor-top-section elementor-element elementor-element-b890aae elementor-section-boxed elementor-section-height-default elementor-section-height-default\" data-id=\"b890aae\" data-element_type=\"section\">\n\t\t\t\t\t\t<div class=\"elementor-container elementor-column-gap-default\">\n\t\t\t\t\t<div class=\"elementor-column elementor-col-100 elementor-top-column elementor-element elementor-element-865a7e9\" data-id=\"865a7e9\" data-element_type=\"column\">\n\t\t\t<div class=\"elementor-widget-wrap elementor-element-populated\">\n\t\t\t\t\t\t\t\t<div class=\"elementor-element elementor-element-ec724af elementor-widget elementor-widget-text-editor\" data-id=\"ec724af\" data-element_type=\"widget\" data-widget_type=\"text-editor.default\">\n\t\t\t\t<div class=\"elementor-widget-container\">\n\t\t\t\t\t\t\t<p>au Centre Culturel la Providence<\/p>\t\t\t\t\t\t<\/div>\n\t\t\t\t<\/div>\n\t\t\t\t\t<\/div>\n\t\t<\/div>\n\t\t\t\t\t\t\t<\/div>\n\t\t<\/section>\n\t\t\t\t<section class=\"elementor-section elementor-top-section elementor-element elementor-element-66964e0 elementor-section-boxed elementor-section-height-default elementor-section-height-default\" data-id=\"66964e0\" data-element_type=\"section\">\n\t\t\t\t\t\t<div class=\"elementor-container elementor-column-gap-default\">\n\t\t\t\t\t<div class=\"elementor-column elementor-col-100 elementor-top-column elementor-element elementor-element-3891181\" data-id=\"3891181\" data-element_type=\"column\">\n\t\t\t<div class=\"elementor-widget-wrap\">\n\t\t\t\t\t\t\t\t\t<\/div>\n\t\t<\/div>\n\t\t\t\t\t\t\t<\/div>\n\t\t<\/section>\n\t\t\t\t<section class=\"elementor-section elementor-top-section elementor-element elementor-element-9269847 elementor-section-boxed elementor-section-height-default elementor-section-height-default\" data-id=\"9269847\" data-element_type=\"section\">\n\t\t\t\t\t\t<div class=\"elementor-container elementor-column-gap-default\">\n\t\t\t\t\t<div class=\"elementor-column elementor-col-100 elementor-top-column elementor-element elementor-element-8e3afd1\" data-id=\"8e3afd1\" data-element_type=\"column\">\n\t\t\t<div class=\"elementor-widget-wrap elementor-element-populated\">\n\t\t\t\t\t\t\t\t<div class=\"elementor-element elementor-element-9d4a02d elementor-align-center elementor-widget elementor-widget-button\" data-id=\"9d4a02d\" data-element_type=\"widget\" data-widget_type=\"button.default\">\n\t\t\t\t<div class=\"elementor-widget-container\">\n\t\t\t\t\t<div class=\"elementor-button-wrapper\">\n\t\t\t<a href=\"https:\/\/my.weezevent.com\/collegium-musicum-ou-bach-und-freunde\" class=\"elementor-button-link elementor-button elementor-size-sm\" role=\"button\">\n\t\t\t\t\t\t<span class=\"elementor-button-content-wrapper\">\n\t\t\t\t\t\t<span class=\"elementor-button-text\">pour r\u00e9server<\/span>\n\t\t<\/span>\n\t\t\t\t\t<\/a>\n\t\t<\/div>\n\t\t\t\t<\/div>\n\t\t\t\t<\/div>\n\t\t\t\t\t<\/div>\n\t\t<\/div>\n\t\t\t\t\t\t\t<\/div>\n\t\t<\/section>\n\t\t\t\t<section class=\"elementor-section elementor-top-section elementor-element elementor-element-ad18848 elementor-section-boxed elementor-section-height-default elementor-section-height-default\" data-id=\"ad18848\" data-element_type=\"section\">\n\t\t\t\t\t\t<div class=\"elementor-container elementor-column-gap-default\">\n\t\t\t\t\t<div class=\"elementor-column elementor-col-100 elementor-top-column elementor-element elementor-element-890377d\" data-id=\"890377d\" data-element_type=\"column\">\n\t\t\t<div class=\"elementor-widget-wrap elementor-element-populated\">\n\t\t\t\t\t\t\t\t<div class=\"elementor-element elementor-element-4d8ce18 elementor-widget elementor-widget-text-editor\" data-id=\"4d8ce18\" data-element_type=\"widget\" data-widget_type=\"text-editor.default\">\n\t\t\t\t<div class=\"elementor-widget-container\">\n\t\t\t\t\t\t\t<p>\u00a0\u00a0<\/p>\t\t\t\t\t\t<\/div>\n\t\t\t\t<\/div>\n\t\t\t\t\t<\/div>\n\t\t<\/div>\n\t\t\t\t\t\t\t<\/div>\n\t\t<\/section>\n\t\t\t\t\t\t\t<\/div>\n\t\t","protected":false},"excerpt":{"rendered":"<p>ou Bach und Freunde OEuvres de Bach, Telemann, Hasse Avec l\u2019Ensemble \u00abla Muse de Monaco\u00bbMichel QUAGLIOZZI, fl\u00fbte \u00e0 becMichel MUGOT, bassonCamille MUGOT, clavecin En ce rigoureux mois de janvier 1731, trois amis musiciens de passage \u00e0 Leipzig rendent visite au c\u00e9l\u00e8bre Caf\u00e9 Zimmermann, rue Sainte-Catherine, o\u00f9 se tiennent r\u00e9guli\u00e8rement les concerts du Collegium Musicum autrefois [&hellip;]<\/p>\n","protected":false},"author":1,"featured_media":0,"parent":0,"menu_order":0,"comment_status":"closed","ping_status":"closed","template":"","meta":{"footnotes":""},"class_list":["post-305","page","type-page","status-publish","hentry","entry"],"_links":{"self":[{"href":"https:\/\/sman.asso.fr\/www\/index.php\/wp-json\/wp\/v2\/pages\/305","targetHints":{"allow":["GET"]}}],"collection":[{"href":"https:\/\/sman.asso.fr\/www\/index.php\/wp-json\/wp\/v2\/pages"}],"about":[{"href":"https:\/\/sman.asso.fr\/www\/index.php\/wp-json\/wp\/v2\/types\/page"}],"author":[{"embeddable":true,"href":"https:\/\/sman.asso.fr\/www\/index.php\/wp-json\/wp\/v2\/users\/1"}],"replies":[{"embeddable":true,"href":"https:\/\/sman.asso.fr\/www\/index.php\/wp-json\/wp\/v2\/comments?post=305"}],"version-history":[{"count":66,"href":"https:\/\/sman.asso.fr\/www\/index.php\/wp-json\/wp\/v2\/pages\/305\/revisions"}],"predecessor-version":[{"id":1314,"href":"https:\/\/sman.asso.fr\/www\/index.php\/wp-json\/wp\/v2\/pages\/305\/revisions\/1314"}],"wp:attachment":[{"href":"https:\/\/sman.asso.fr\/www\/index.php\/wp-json\/wp\/v2\/media?parent=305"}],"curies":[{"name":"wp","href":"https:\/\/api.w.org\/{rel}","templated":true}]}}